{"id":2943,"date":"2024-02-16T01:47:56","date_gmt":"2024-02-16T00:47:56","guid":{"rendered":"https:\/\/lagar.vamtam.com\/?page_id=2943"},"modified":"2024-10-31T11:28:41","modified_gmt":"2024-10-31T10:28:41","slug":"einkaufswagerl","status":"publish","type":"page","link":"https:\/\/hausknechtedelbraende.at\/brand\/einkaufswagerl\/","title":{"rendered":"Einkaufswagerl"},"content":{"rendered":"<div class=\"vgblk-rw-wrapper limit-wrapper\">\n\n<\/div><!-- .vgblk-rw-wrapper -->","protected":false},"excerpt":{"rendered":"","protected":false},"author":1,"featured_media":0,"parent":0,"menu_order":0,"comment_status":"closed","ping_status":"closed","template":"","meta":{"_monsterinsights_skip_tracking":false,"_monsterinsights_sitenote_active":false,"_monsterinsights_sitenote_note":"","_monsterinsights_sitenote_category":0,"footnotes":""},"class_list":["post-2943","page","type-page","status-publish","hentry"],"yoast_head":"<!-- This site is optimized with the Yoast SEO plugin v26.6 - https:\/\/yoast.com\/wordpress\/plugins\/seo\/ -->\n<title>Einkaufswagerl - Hausknecht Edelbr\u00e4nde<\/title>\n<meta name=\"description\" content=\"Behaltet eure Auswahl im Hausknecht Edelbr\u00e4nde Warenkorb im Blick \u2013 einfach und schnell zum Geschmackserlebnis!\" \/>\n<meta name=\"robots\" content=\"index, follow, max-snippet:-1, max-image-preview:large, max-video-preview:-1\" \/>\n<link rel=\"canonical\" href=\"https:\/\/hausknechtedelbraende.at\/brand\/einkaufswagerl\/\" \/>\n<meta property=\"og:locale\" content=\"de_DE\" \/>\n<meta property=\"og:type\" content=\"article\" \/>\n<meta property=\"og:title\" content=\"Einkaufswagerl - Hausknecht Edelbr\u00e4nde\" \/>\n<meta property=\"og:description\" content=\"Behaltet eure Auswahl im Hausknecht Edelbr\u00e4nde Warenkorb im Blick \u2013 einfach und schnell zum Geschmackserlebnis!\" \/>\n<meta property=\"og:url\" content=\"https:\/\/hausknechtedelbraende.at\/brand\/einkaufswagerl\/\" \/>\n<meta property=\"og:site_name\" content=\"Hausknecht Edelbr\u00e4nde\" \/>\n<meta property=\"article:publisher\" content=\"https:\/\/www.facebook.com\/profile.php?id=61554664391451\" \/>\n<meta property=\"article:modified_time\" content=\"2024-10-31T10:28:41+00:00\" \/>\n<meta name=\"twitter:card\" content=\"summary_large_image\" \/>\n<meta name=\"twitter:label1\" content=\"Gesch\u00e4tzte Lesezeit\" \/>\n\t<meta name=\"twitter:data1\" content=\"1\u00a0Minute\" \/>\n<script type=\"application\/ld+json\" class=\"yoast-schema-graph\">{\"@context\":\"https:\/\/schema.org\",\"@graph\":[{\"@type\":\"WebPage\",\"@id\":\"https:\/\/hausknechtedelbraende.at\/brand\/einkaufswagerl\/\",\"url\":\"https:\/\/hausknechtedelbraende.at\/brand\/einkaufswagerl\/\",\"name\":\"Einkaufswagerl - Hausknecht Edelbr\u00e4nde\",\"isPartOf\":{\"@id\":\"https:\/\/hausknechtedelbraende.at\/brand\/#website\"},\"datePublished\":\"2024-02-16T00:47:56+00:00\",\"dateModified\":\"2024-10-31T10:28:41+00:00\",\"description\":\"Behaltet eure Auswahl im Hausknecht Edelbr\u00e4nde Warenkorb im Blick \u2013 einfach und schnell zum Geschmackserlebnis!\",\"breadcrumb\":{\"@id\":\"https:\/\/hausknechtedelbraende.at\/brand\/einkaufswagerl\/#breadcrumb\"},\"inLanguage\":\"de\",\"potentialAction\":[{\"@type\":\"ReadAction\",\"target\":[\"https:\/\/hausknechtedelbraende.at\/brand\/einkaufswagerl\/\"]}]},{\"@type\":\"BreadcrumbList\",\"@id\":\"https:\/\/hausknechtedelbraende.at\/brand\/einkaufswagerl\/#breadcrumb\",\"itemListElement\":[{\"@type\":\"ListItem\",\"position\":1,\"name\":\"Startseite\",\"item\":\"https:\/\/hausknechtedelbraende.at\/brand\/\"},{\"@type\":\"ListItem\",\"position\":2,\"name\":\"Einkaufswagerl\"}]},{\"@type\":\"WebSite\",\"@id\":\"https:\/\/hausknechtedelbraende.at\/brand\/#website\",\"url\":\"https:\/\/hausknechtedelbraende.at\/brand\/\",\"name\":\"Hausknecht Eldebr\u00e4nde\",\"description\":\"Feinste Edelbr\u00e4nde und Destillate aus \u00d6sterreich\",\"publisher\":{\"@id\":\"https:\/\/hausknechtedelbraende.at\/brand\/#organization\"},\"potentialAction\":[{\"@type\":\"SearchAction\",\"target\":{\"@type\":\"EntryPoint\",\"urlTemplate\":\"https:\/\/hausknechtedelbraende.at\/brand\/?s={search_term_string}\"},\"query-input\":{\"@type\":\"PropertyValueSpecification\",\"valueRequired\":true,\"valueName\":\"search_term_string\"}}],\"inLanguage\":\"de\"},{\"@type\":\"Organization\",\"@id\":\"https:\/\/hausknechtedelbraende.at\/brand\/#organization\",\"name\":\"Hausknecht Eldebr\u00e4nde\",\"url\":\"https:\/\/hausknechtedelbraende.at\/brand\/\",\"logo\":{\"@type\":\"ImageObject\",\"inLanguage\":\"de\",\"@id\":\"https:\/\/hausknechtedelbraende.at\/brand\/#\/schema\/logo\/image\/\",\"url\":\"https:\/\/hausknechtedelbraende.at\/brand\/wp-content\/uploads\/2020\/03\/Hausknecht_Edelbraende_Logo_bronze_350.png\",\"contentUrl\":\"https:\/\/hausknechtedelbraende.at\/brand\/wp-content\/uploads\/2020\/03\/Hausknecht_Edelbraende_Logo_bronze_350.png\",\"width\":350,\"height\":100,\"caption\":\"Hausknecht Eldebr\u00e4nde\"},\"image\":{\"@id\":\"https:\/\/hausknechtedelbraende.at\/brand\/#\/schema\/logo\/image\/\"},\"sameAs\":[\"https:\/\/www.facebook.com\/profile.php?id=61554664391451\",\"https:\/\/www.instagram.com\/hausknechtedelbraende\"]}]}<\/script>\n<!-- \/ Yoast SEO plugin. -->","yoast_head_json":{"title":"Einkaufswagerl - Hausknecht Edelbr\u00e4nde","description":"Behaltet eure Auswahl im Hausknecht Edelbr\u00e4nde Warenkorb im Blick \u2013 einfach und schnell zum Geschmackserlebnis!","robots":{"index":"index","follow":"follow","max-snippet":"max-snippet:-1","max-image-preview":"max-image-preview:large","max-video-preview":"max-video-preview:-1"},"canonical":"https:\/\/hausknechtedelbraende.at\/brand\/einkaufswagerl\/","og_locale":"de_DE","og_type":"article","og_title":"Einkaufswagerl - Hausknecht Edelbr\u00e4nde","og_description":"Behaltet eure Auswahl im Hausknecht Edelbr\u00e4nde Warenkorb im Blick \u2013 einfach und schnell zum Geschmackserlebnis!","og_url":"https:\/\/hausknechtedelbraende.at\/brand\/einkaufswagerl\/","og_site_name":"Hausknecht Edelbr\u00e4nde","article_publisher":"https:\/\/www.facebook.com\/profile.php?id=61554664391451","article_modified_time":"2024-10-31T10:28:41+00:00","twitter_card":"summary_large_image","twitter_misc":{"Gesch\u00e4tzte Lesezeit":"1\u00a0Minute"},"schema":{"@context":"https:\/\/schema.org","@graph":[{"@type":"WebPage","@id":"https:\/\/hausknechtedelbraende.at\/brand\/einkaufswagerl\/","url":"https:\/\/hausknechtedelbraende.at\/brand\/einkaufswagerl\/","name":"Einkaufswagerl - Hausknecht Edelbr\u00e4nde","isPartOf":{"@id":"https:\/\/hausknechtedelbraende.at\/brand\/#website"},"datePublished":"2024-02-16T00:47:56+00:00","dateModified":"2024-10-31T10:28:41+00:00","description":"Behaltet eure Auswahl im Hausknecht Edelbr\u00e4nde Warenkorb im Blick \u2013 einfach und schnell zum Geschmackserlebnis!","breadcrumb":{"@id":"https:\/\/hausknechtedelbraende.at\/brand\/einkaufswagerl\/#breadcrumb"},"inLanguage":"de","potentialAction":[{"@type":"ReadAction","target":["https:\/\/hausknechtedelbraende.at\/brand\/einkaufswagerl\/"]}]},{"@type":"BreadcrumbList","@id":"https:\/\/hausknechtedelbraende.at\/brand\/einkaufswagerl\/#breadcrumb","itemListElement":[{"@type":"ListItem","position":1,"name":"Startseite","item":"https:\/\/hausknechtedelbraende.at\/brand\/"},{"@type":"ListItem","position":2,"name":"Einkaufswagerl"}]},{"@type":"WebSite","@id":"https:\/\/hausknechtedelbraende.at\/brand\/#website","url":"https:\/\/hausknechtedelbraende.at\/brand\/","name":"Hausknecht Eldebr\u00e4nde","description":"Feinste Edelbr\u00e4nde und Destillate aus \u00d6sterreich","publisher":{"@id":"https:\/\/hausknechtedelbraende.at\/brand\/#organization"},"potentialAction":[{"@type":"SearchAction","target":{"@type":"EntryPoint","urlTemplate":"https:\/\/hausknechtedelbraende.at\/brand\/?s={search_term_string}"},"query-input":{"@type":"PropertyValueSpecification","valueRequired":true,"valueName":"search_term_string"}}],"inLanguage":"de"},{"@type":"Organization","@id":"https:\/\/hausknechtedelbraende.at\/brand\/#organization","name":"Hausknecht Eldebr\u00e4nde","url":"https:\/\/hausknechtedelbraende.at\/brand\/","logo":{"@type":"ImageObject","inLanguage":"de","@id":"https:\/\/hausknechtedelbraende.at\/brand\/#\/schema\/logo\/image\/","url":"https:\/\/hausknechtedelbraende.at\/brand\/wp-content\/uploads\/2020\/03\/Hausknecht_Edelbraende_Logo_bronze_350.png","contentUrl":"https:\/\/hausknechtedelbraende.at\/brand\/wp-content\/uploads\/2020\/03\/Hausknecht_Edelbraende_Logo_bronze_350.png","width":350,"height":100,"caption":"Hausknecht Eldebr\u00e4nde"},"image":{"@id":"https:\/\/hausknechtedelbraende.at\/brand\/#\/schema\/logo\/image\/"},"sameAs":["https:\/\/www.facebook.com\/profile.php?id=61554664391451","https:\/\/www.instagram.com\/hausknechtedelbraende"]}]}},"_links":{"self":[{"href":"https:\/\/hausknechtedelbraende.at\/brand\/wp-json\/wp\/v2\/pages\/2943","targetHints":{"allow":["GET"]}}],"collection":[{"href":"https:\/\/hausknechtedelbraende.at\/brand\/wp-json\/wp\/v2\/pages"}],"about":[{"href":"https:\/\/hausknechtedelbraende.at\/brand\/wp-json\/wp\/v2\/types\/page"}],"author":[{"embeddable":true,"href":"https:\/\/hausknechtedelbraende.at\/brand\/wp-json\/wp\/v2\/users\/1"}],"replies":[{"embeddable":true,"href":"https:\/\/hausknechtedelbraende.at\/brand\/wp-json\/wp\/v2\/comments?post=2943"}],"version-history":[{"count":1,"href":"https:\/\/hausknechtedelbraende.at\/brand\/wp-json\/wp\/v2\/pages\/2943\/revisions"}],"predecessor-version":[{"id":987660,"href":"https:\/\/hausknechtedelbraende.at\/brand\/wp-json\/wp\/v2\/pages\/2943\/revisions\/987660"}],"wp:attachment":[{"href":"https:\/\/hausknechtedelbraende.at\/brand\/wp-json\/wp\/v2\/media?parent=2943"}],"curies":[{"name":"wp","href":"https:\/\/api.w.org\/{rel}","templated":true}]}}