{"id":2947,"date":"2024-02-16T02:08:37","date_gmt":"2024-02-16T01:08:37","guid":{"rendered":"https:\/\/lagar.vamtam.com\/?page_id=2947"},"modified":"2024-10-31T11:54:31","modified_gmt":"2024-10-31T10:54:31","slug":"konto","status":"publish","type":"page","link":"https:\/\/hausknechtedelbraende.at\/brand\/konto\/","title":{"rendered":"Konto"},"content":{"rendered":"\t\t<div data-elementor-type=\"wp-page\" data-elementor-id=\"2947\" class=\"elementor elementor-2947\" data-elementor-post-type=\"page\">\n\t\t\t\t<div class=\"elementor-element elementor-element-3f698657 e-flex e-con-boxed e-con e-parent\" data-id=\"3f698657\" data-element_type=\"container\">\n\t\t\t\t\t<div class=\"e-con-inner\">\n\t\t\t\t<div class=\"elementor-element elementor-element-432ccab5 elementor-widget elementor-widget-text-editor\" data-id=\"432ccab5\" data-element_type=\"widget\" data-widget_type=\"text-editor.default\">\n\t\t\t\t<div class=\"elementor-widget-container\">\n\t\t\t\t\t\t\t\t\t<p><\/p>\n<div class=\"woocommerce\"><\/div>\n\t\t\t\t\t\t\t\t<\/div>\n\t\t\t\t<\/div>\n\t\t\t\t\t<\/div>\n\t\t\t\t<\/div>\n\t\t<div class=\"elementor-element elementor-element-fa81981 e-flex e-con-boxed e-con e-parent\" data-id=\"fa81981\" data-element_type=\"container\">\n\t\t\t\t\t<div class=\"e-con-inner\">\n\t\t\t\t<div class=\"elementor-element elementor-element-842afbe elementor-align-center elementor-widget elementor-widget-button\" data-id=\"842afbe\" data-element_type=\"widget\" data-widget_type=\"button.default\">\n\t\t\t\t<div class=\"elementor-widget-container\">\n\t\t\t\t\t\t\t\t\t<div class=\"elementor-button-wrapper\">\n\t\t\t\t\t<a class=\"elementor-button elementor-button-link elementor-size-sm\" href=\"https:\/\/hausknechtedelbraende.at\/brand\/konto-erstellen\/\">\n\t\t\t\t\t\t<span class=\"elementor-button-content-wrapper\">\n\t\t\t\t\t\t\t\t\t<span class=\"elementor-button-text\">Noch kein Konto? Hier kannst du eines erstellen<\/span>\n\t\t\t\t\t<\/span>\n\t\t\t\t\t<\/a>\n\t\t\t\t<\/div>\n\t\t\t\t\t\t\t\t<\/div>\n\t\t\t\t<\/div>\n\t\t\t\t\t<\/div>\n\t\t\t\t<\/div>\n\t\t\t\t<\/div>\n\t\t","protected":false},"excerpt":{"rendered":"<p>Noch kein Konto? Hier kannst du eines erstellen<\/p>\n","protected":false},"author":1,"featured_media":0,"parent":0,"menu_order":0,"comment_status":"closed","ping_status":"closed","template":"","meta":{"_monsterinsights_skip_tracking":false,"_monsterinsights_sitenote_active":false,"_monsterinsights_sitenote_note":"","_monsterinsights_sitenote_category":0,"footnotes":""},"class_list":["post-2947","page","type-page","status-publish","hentry"],"yoast_head":"<!-- This site is optimized with the Yoast SEO plugin v26.6 - https:\/\/yoast.com\/wordpress\/plugins\/seo\/ -->\n<title>Konto - Hausknecht Edelbr\u00e4nde<\/title>\n<meta name=\"description\" content=\"Verwalte dein Hausknecht Edelbr\u00e4nde Konto \u2013 von Bestellungen bis zu pers\u00f6nlichen Daten. Einfacher Zugriff f\u00fcr ein bequemes Einkaufserlebnis.\" \/>\n<meta name=\"robots\" content=\"index, follow, max-snippet:-1, max-image-preview:large, max-video-preview:-1\" \/>\n<link rel=\"canonical\" href=\"https:\/\/hausknechtedelbraende.at\/brand\/konto\/\" \/>\n<meta property=\"og:locale\" content=\"de_DE\" \/>\n<meta property=\"og:type\" content=\"article\" \/>\n<meta property=\"og:title\" content=\"Konto - Hausknecht Edelbr\u00e4nde\" \/>\n<meta property=\"og:description\" content=\"Verwalte dein Hausknecht Edelbr\u00e4nde Konto \u2013 von Bestellungen bis zu pers\u00f6nlichen Daten. Einfacher Zugriff f\u00fcr ein bequemes Einkaufserlebnis.\" \/>\n<meta property=\"og:url\" content=\"https:\/\/hausknechtedelbraende.at\/brand\/konto\/\" \/>\n<meta property=\"og:site_name\" content=\"Hausknecht Edelbr\u00e4nde\" \/>\n<meta property=\"article:publisher\" content=\"https:\/\/www.facebook.com\/profile.php?id=61554664391451\" \/>\n<meta property=\"article:modified_time\" content=\"2024-10-31T10:54:31+00:00\" \/>\n<meta name=\"twitter:card\" content=\"summary_large_image\" \/>\n<meta name=\"twitter:label1\" content=\"Gesch\u00e4tzte Lesezeit\" \/>\n\t<meta name=\"twitter:data1\" content=\"1\u00a0Minute\" \/>\n<script type=\"application\/ld+json\" class=\"yoast-schema-graph\">{\"@context\":\"https:\/\/schema.org\",\"@graph\":[{\"@type\":\"WebPage\",\"@id\":\"https:\/\/hausknechtedelbraende.at\/brand\/konto\/\",\"url\":\"https:\/\/hausknechtedelbraende.at\/brand\/konto\/\",\"name\":\"Konto - Hausknecht Edelbr\u00e4nde\",\"isPartOf\":{\"@id\":\"https:\/\/hausknechtedelbraende.at\/brand\/#website\"},\"datePublished\":\"2024-02-16T01:08:37+00:00\",\"dateModified\":\"2024-10-31T10:54:31+00:00\",\"description\":\"Verwalte dein Hausknecht Edelbr\u00e4nde Konto \u2013 von Bestellungen bis zu pers\u00f6nlichen Daten. Einfacher Zugriff f\u00fcr ein bequemes Einkaufserlebnis.\",\"breadcrumb\":{\"@id\":\"https:\/\/hausknechtedelbraende.at\/brand\/konto\/#breadcrumb\"},\"inLanguage\":\"de\",\"potentialAction\":[{\"@type\":\"ReadAction\",\"target\":[\"https:\/\/hausknechtedelbraende.at\/brand\/konto\/\"]}]},{\"@type\":\"BreadcrumbList\",\"@id\":\"https:\/\/hausknechtedelbraende.at\/brand\/konto\/#breadcrumb\",\"itemListElement\":[{\"@type\":\"ListItem\",\"position\":1,\"name\":\"Startseite\",\"item\":\"https:\/\/hausknechtedelbraende.at\/brand\/\"},{\"@type\":\"ListItem\",\"position\":2,\"name\":\"Konto\"}]},{\"@type\":\"WebSite\",\"@id\":\"https:\/\/hausknechtedelbraende.at\/brand\/#website\",\"url\":\"https:\/\/hausknechtedelbraende.at\/brand\/\",\"name\":\"Hausknecht Eldebr\u00e4nde\",\"description\":\"Feinste Edelbr\u00e4nde und Destillate aus \u00d6sterreich\",\"publisher\":{\"@id\":\"https:\/\/hausknechtedelbraende.at\/brand\/#organization\"},\"potentialAction\":[{\"@type\":\"SearchAction\",\"target\":{\"@type\":\"EntryPoint\",\"urlTemplate\":\"https:\/\/hausknechtedelbraende.at\/brand\/?s={search_term_string}\"},\"query-input\":{\"@type\":\"PropertyValueSpecification\",\"valueRequired\":true,\"valueName\":\"search_term_string\"}}],\"inLanguage\":\"de\"},{\"@type\":\"Organization\",\"@id\":\"https:\/\/hausknechtedelbraende.at\/brand\/#organization\",\"name\":\"Hausknecht Eldebr\u00e4nde\",\"url\":\"https:\/\/hausknechtedelbraende.at\/brand\/\",\"logo\":{\"@type\":\"ImageObject\",\"inLanguage\":\"de\",\"@id\":\"https:\/\/hausknechtedelbraende.at\/brand\/#\/schema\/logo\/image\/\",\"url\":\"https:\/\/hausknechtedelbraende.at\/brand\/wp-content\/uploads\/2020\/03\/Hausknecht_Edelbraende_Logo_bronze_350.png\",\"contentUrl\":\"https:\/\/hausknechtedelbraende.at\/brand\/wp-content\/uploads\/2020\/03\/Hausknecht_Edelbraende_Logo_bronze_350.png\",\"width\":350,\"height\":100,\"caption\":\"Hausknecht Eldebr\u00e4nde\"},\"image\":{\"@id\":\"https:\/\/hausknechtedelbraende.at\/brand\/#\/schema\/logo\/image\/\"},\"sameAs\":[\"https:\/\/www.facebook.com\/profile.php?id=61554664391451\",\"https:\/\/www.instagram.com\/hausknechtedelbraende\"]}]}<\/script>\n<!-- \/ Yoast SEO plugin. -->","yoast_head_json":{"title":"Konto - Hausknecht Edelbr\u00e4nde","description":"Verwalte dein Hausknecht Edelbr\u00e4nde Konto \u2013 von Bestellungen bis zu pers\u00f6nlichen Daten. Einfacher Zugriff f\u00fcr ein bequemes Einkaufserlebnis.","robots":{"index":"index","follow":"follow","max-snippet":"max-snippet:-1","max-image-preview":"max-image-preview:large","max-video-preview":"max-video-preview:-1"},"canonical":"https:\/\/hausknechtedelbraende.at\/brand\/konto\/","og_locale":"de_DE","og_type":"article","og_title":"Konto - Hausknecht Edelbr\u00e4nde","og_description":"Verwalte dein Hausknecht Edelbr\u00e4nde Konto \u2013 von Bestellungen bis zu pers\u00f6nlichen Daten. Einfacher Zugriff f\u00fcr ein bequemes Einkaufserlebnis.","og_url":"https:\/\/hausknechtedelbraende.at\/brand\/konto\/","og_site_name":"Hausknecht Edelbr\u00e4nde","article_publisher":"https:\/\/www.facebook.com\/profile.php?id=61554664391451","article_modified_time":"2024-10-31T10:54:31+00:00","twitter_card":"summary_large_image","twitter_misc":{"Gesch\u00e4tzte Lesezeit":"1\u00a0Minute"},"schema":{"@context":"https:\/\/schema.org","@graph":[{"@type":"WebPage","@id":"https:\/\/hausknechtedelbraende.at\/brand\/konto\/","url":"https:\/\/hausknechtedelbraende.at\/brand\/konto\/","name":"Konto - Hausknecht Edelbr\u00e4nde","isPartOf":{"@id":"https:\/\/hausknechtedelbraende.at\/brand\/#website"},"datePublished":"2024-02-16T01:08:37+00:00","dateModified":"2024-10-31T10:54:31+00:00","description":"Verwalte dein Hausknecht Edelbr\u00e4nde Konto \u2013 von Bestellungen bis zu pers\u00f6nlichen Daten. Einfacher Zugriff f\u00fcr ein bequemes Einkaufserlebnis.","breadcrumb":{"@id":"https:\/\/hausknechtedelbraende.at\/brand\/konto\/#breadcrumb"},"inLanguage":"de","potentialAction":[{"@type":"ReadAction","target":["https:\/\/hausknechtedelbraende.at\/brand\/konto\/"]}]},{"@type":"BreadcrumbList","@id":"https:\/\/hausknechtedelbraende.at\/brand\/konto\/#breadcrumb","itemListElement":[{"@type":"ListItem","position":1,"name":"Startseite","item":"https:\/\/hausknechtedelbraende.at\/brand\/"},{"@type":"ListItem","position":2,"name":"Konto"}]},{"@type":"WebSite","@id":"https:\/\/hausknechtedelbraende.at\/brand\/#website","url":"https:\/\/hausknechtedelbraende.at\/brand\/","name":"Hausknecht Eldebr\u00e4nde","description":"Feinste Edelbr\u00e4nde und Destillate aus \u00d6sterreich","publisher":{"@id":"https:\/\/hausknechtedelbraende.at\/brand\/#organization"},"potentialAction":[{"@type":"SearchAction","target":{"@type":"EntryPoint","urlTemplate":"https:\/\/hausknechtedelbraende.at\/brand\/?s={search_term_string}"},"query-input":{"@type":"PropertyValueSpecification","valueRequired":true,"valueName":"search_term_string"}}],"inLanguage":"de"},{"@type":"Organization","@id":"https:\/\/hausknechtedelbraende.at\/brand\/#organization","name":"Hausknecht Eldebr\u00e4nde","url":"https:\/\/hausknechtedelbraende.at\/brand\/","logo":{"@type":"ImageObject","inLanguage":"de","@id":"https:\/\/hausknechtedelbraende.at\/brand\/#\/schema\/logo\/image\/","url":"https:\/\/hausknechtedelbraende.at\/brand\/wp-content\/uploads\/2020\/03\/Hausknecht_Edelbraende_Logo_bronze_350.png","contentUrl":"https:\/\/hausknechtedelbraende.at\/brand\/wp-content\/uploads\/2020\/03\/Hausknecht_Edelbraende_Logo_bronze_350.png","width":350,"height":100,"caption":"Hausknecht Eldebr\u00e4nde"},"image":{"@id":"https:\/\/hausknechtedelbraende.at\/brand\/#\/schema\/logo\/image\/"},"sameAs":["https:\/\/www.facebook.com\/profile.php?id=61554664391451","https:\/\/www.instagram.com\/hausknechtedelbraende"]}]}},"_links":{"self":[{"href":"https:\/\/hausknechtedelbraende.at\/brand\/wp-json\/wp\/v2\/pages\/2947","targetHints":{"allow":["GET"]}}],"collection":[{"href":"https:\/\/hausknechtedelbraende.at\/brand\/wp-json\/wp\/v2\/pages"}],"about":[{"href":"https:\/\/hausknechtedelbraende.at\/brand\/wp-json\/wp\/v2\/types\/page"}],"author":[{"embeddable":true,"href":"https:\/\/hausknechtedelbraende.at\/brand\/wp-json\/wp\/v2\/users\/1"}],"replies":[{"embeddable":true,"href":"https:\/\/hausknechtedelbraende.at\/brand\/wp-json\/wp\/v2\/comments?post=2947"}],"version-history":[{"count":112,"href":"https:\/\/hausknechtedelbraende.at\/brand\/wp-json\/wp\/v2\/pages\/2947\/revisions"}],"predecessor-version":[{"id":990377,"href":"https:\/\/hausknechtedelbraende.at\/brand\/wp-json\/wp\/v2\/pages\/2947\/revisions\/990377"}],"wp:attachment":[{"href":"https:\/\/hausknechtedelbraende.at\/brand\/wp-json\/wp\/v2\/media?parent=2947"}],"curies":[{"name":"wp","href":"https:\/\/api.w.org\/{rel}","templated":true}]}}