{"id":990343,"date":"2024-10-18T12:08:15","date_gmt":"2024-10-18T10:08:15","guid":{"rendered":"https:\/\/hausknechtedelbraende.at\/brand\/registration\/"},"modified":"2024-10-31T11:55:44","modified_gmt":"2024-10-31T10:55:44","slug":"konto-erstellen","status":"publish","type":"page","link":"https:\/\/hausknechtedelbraende.at\/brand\/konto-erstellen\/","title":{"rendered":"Konto erstellen"},"content":{"rendered":"\t\t<div data-elementor-type=\"wp-page\" data-elementor-id=\"990343\" class=\"elementor elementor-990343\" data-elementor-post-type=\"page\">\n\t\t\t\t\t\t<section class=\"elementor-section elementor-top-section elementor-element elementor-element-5e8203c elementor-section-height-min-height elementor-section-content-bottom elementor-section-boxed elementor-section-height-default elementor-section-items-middle\" data-id=\"5e8203c\" data-element_type=\"section\" data-settings=\"{&quot;background_background&quot;:&quot;classic&quot;}\">\n\t\t\t\t\t\t\t<div class=\"elementor-background-overlay\"><\/div>\n\t\t\t\t\t\t\t<div class=\"elementor-container elementor-column-gap-default\">\n\t\t\t\t\t<div class=\"elementor-column elementor-col-100 elementor-top-column elementor-element elementor-element-feafc3a\" data-id=\"feafc3a\" data-element_type=\"column\">\n\t\t\t<div class=\"elementor-widget-wrap elementor-element-populated\">\n\t\t\t\t\t\t<div class=\"elementor-element elementor-element-b6b5984 elementor-headline--style-blurred_letters animated-slow elementor-invisible elementor-widget elementor-widget-vamtam-animated-headline\" data-id=\"b6b5984\" data-element_type=\"widget\" data-settings=\"{&quot;headline_style&quot;:&quot;blurred_letters&quot;,&quot;vamtam_text&quot;:&quot;Konto erstellen&quot;,&quot;_animation&quot;:&quot;fadeInUp&quot;}\" data-widget_type=\"vamtam-animated-headline.default\">\n\t\t\t\t<div class=\"elementor-widget-container\">\n\t\t\t\t\t\t\t\t\t<h1 class=\"elementor-headline\">\n\t\t\t\t\t\t\t\t\t\t\t\t\t\t\t\t\t\t\t\t\t\t\t\t<span class=\"vamtam-word\">\t\t\t\t\t\t\t\t\t\t\t\t\t\t\t<span class=\"vamtam-letter blurred\" data-delay=\"0.17\">K<\/span>\n\t\t\t\t\t\t\t\t\t\t\t\t\t\t\t\t\t\t\t\t\t\t\t\t\t\t\t\t\t\t\t\t\t\t\t<span class=\"vamtam-letter\">o<\/span>\n\t\t\t\t\t\t\t\t\t\t\t\t\t\t\t\t\t\t\t\t\t\t\t\t\t\t\t\t\t\t\t\t\t\t\t<span class=\"vamtam-letter blurred\" data-delay=\"0.22\">n<\/span>\n\t\t\t\t\t\t\t\t\t\t\t\t\t\t\t\t\t\t\t\t\t\t\t\t\t\t\t\t\t\t\t\t\t\t\t<span class=\"vamtam-letter\">t<\/span>\n\t\t\t\t\t\t\t\t\t\t\t\t\t\t\t\t\t\t\t\t\t\t\t\t\t\t\t\t\t\t\t\t\t\t\t<span class=\"vamtam-letter blurred\" data-delay=\"0.31\">o<\/span>\n\t\t\t\t\t\t\t\t\t\t\t\t\t\t\t\t\t\t\t\t<\/span> \t\t\t\t\t\t\t<span class=\"vamtam-word\">\t\t\t\t\t\t\t\t\t\t\t\t\t\t\t<span class=\"vamtam-letter\">e<\/span>\n\t\t\t\t\t\t\t\t\t\t\t\t\t\t\t\t\t\t\t\t\t\t\t\t\t\t\t\t\t\t\t\t\t\t\t<span class=\"vamtam-letter\">r<\/span>\n\t\t\t\t\t\t\t\t\t\t\t\t\t\t\t\t\t\t\t\t\t\t\t\t\t\t\t\t\t\t\t\t\t\t\t<span class=\"vamtam-letter\">s<\/span>\n\t\t\t\t\t\t\t\t\t\t\t\t\t\t\t\t\t\t\t\t\t\t\t\t\t\t\t\t\t\t\t\t\t\t\t<span class=\"vamtam-letter blurred\" data-delay=\"0.38\">t<\/span>\n\t\t\t\t\t\t\t\t\t\t\t\t\t\t\t\t\t\t\t\t\t\t\t\t\t\t\t\t\t\t\t\t\t\t\t<span class=\"vamtam-letter\">e<\/span>\n\t\t\t\t\t\t\t\t\t\t\t\t\t\t\t\t\t\t\t\t\t\t\t\t\t\t\t\t\t\t\t\t\t\t\t<span class=\"vamtam-letter\">l<\/span>\n\t\t\t\t\t\t\t\t\t\t\t\t\t\t\t\t\t\t\t\t\t\t\t\t\t\t\t\t\t\t\t\t\t\t\t<span class=\"vamtam-letter\">l<\/span>\n\t\t\t\t\t\t\t\t\t\t\t\t\t\t\t\t\t\t\t\t\t\t\t\t\t\t\t\t\t\t\t\t\t\t\t<span class=\"vamtam-letter\">e<\/span>\n\t\t\t\t\t\t\t\t\t\t\t\t\t\t\t\t\t\t\t\t\t\t\t\t\t\t\t\t\t\t\t\t\t\t\t<span class=\"vamtam-letter\">n<\/span>\n\t\t\t\t\t\t\t\t\t\t\t\t\t\t\t\t\t\t\t<\/span>\t\t\t\t\t\t\t\t\t<\/h1>\n\t\t\t\t\t\t\t\t<\/div>\n\t\t\t\t<\/div>\n\t\t\t\t\t<\/div>\n\t\t<\/div>\n\t\t\t\t\t<\/div>\n\t\t<\/section>\n\t\t<div class=\"elementor-element elementor-element-2decf27a e-flex e-con-boxed e-con e-parent\" data-id=\"2decf27a\" data-element_type=\"container\">\n\t\t\t\t\t<div class=\"e-con-inner\">\n\t\t\t\t<div class=\"elementor-element elementor-element-e1f1d87 elementor-widget elementor-widget-shortcode\" data-id=\"e1f1d87\" data-element_type=\"widget\" data-widget_type=\"shortcode.default\">\n\t\t\t\t<div class=\"elementor-widget-container\">\n\t\t\t\t\t\t\t<div class=\"elementor-shortcode\">\t<div class='user-registration ur-frontend-form  ur-frontend-form--flat ' id='user-registration-form-990341'>\n\t\t\t\t\t\t\t\t<form method='post' class='register' data-form-id=\"990341\"\n\t\t\t\tdata-enable-strength-password=\"\" data-minimum-password-strength=\"3\"\n\t\t\t\t\t\t\t\t\t\t\t\t\t\t\t data-captcha-enabled=\"\">\n\n\t\t\t\t<div class=\"ur-form-row\" data-row-id=\"0\">\t\t\t\t\t\t\t<div class=\"ur-form-grid ur-grid-1\"\n\t\t\t\t\t\t\t\tstyle=\"width:48%\">\n\t\t\t\t\t\t\t\t\t\t\t\t\t\t\t\t<div  data-field-id=\"user_login\" class=\"ur-field-item field-user_login \" data-ref-id=\"user_login\" data-field-pattern-enabled=\"0\" data-field-pattern-value=\" \" data-field-pattern-message=\" \">\n\t\t\t\t\t\t\t\t\t\t<div class=\"form-row validate-required\" id=\"user_login_field\" data-priority=\"\" ><label for=\"user_login\" class=\"ur-label\">Benutzername <abbr class=\"required\" title=\"erforderlich\">*<\/abbr><\/label> <span class=\"input-wrapper\"> <input  data-rules=\"\" data-id=\"user_login\" type=\"text\" class=\"input-text   input-text ur-frontend-field  \" name=\"user_login\" id=\"user_login\" placeholder=\"\"  value=\"\" required=\"required\" data-label=\"Benutzername\" data-username-character=\"1\"\/> <\/span> <\/div>\t\t\t\t\t\t\t\t\t<\/div>\n\t\t\t\t\t\t\t\t\t\t\t\t\t\t\t\t\t\t<div  data-field-id=\"first_name\" class=\"ur-field-item field-first_name \" data-ref-id=\"first_name\" data-field-pattern-enabled=\"0\" data-field-pattern-value=\" \" data-field-pattern-message=\" \">\n\t\t\t\t\t\t\t\t\t\t<div class=\"form-row validate-required\" id=\"first_name_field\" data-priority=\"\" ><label for=\"first_name\" class=\"ur-label\">Vorname <abbr class=\"required\" title=\"erforderlich\">*<\/abbr><\/label> <span class=\"input-wrapper\"> <input  data-rules=\"\" data-id=\"first_name\" type=\"text\" class=\"input-text   input-text ur-frontend-field  \" name=\"first_name\" id=\"first_name\" placeholder=\"\"  value=\"\" required=\"required\" data-label=\"Vorname\" \/> <\/span> <\/div>\t\t\t\t\t\t\t\t\t<\/div>\n\t\t\t\t\t\t\t\t\t\t\t\t\t\t\t\t<\/div>\n\t\t\t\t\t\t\t\t\t\t\t\t\t\t<div class=\"ur-form-grid ur-grid-2\"\n\t\t\t\t\t\t\t\tstyle=\"width:48%\">\n\t\t\t\t\t\t\t\t\t\t\t\t\t\t\t\t<div  data-field-id=\"user_email\" class=\"ur-field-item field-user_email \" data-ref-id=\"user_email\" data-field-pattern-enabled=\"0\" data-field-pattern-value=\" \" data-field-pattern-message=\" \">\n\t\t\t\t\t\t\t\t\t\t<div class=\"form-row validate-required\" id=\"user_email_field\" data-priority=\"\" ><label for=\"user_email\" class=\"ur-label\">E-Mail <abbr class=\"required\" title=\"erforderlich\">*<\/abbr><\/label> <span class=\"input-wrapper\"> <input  data-rules=\"\" data-id=\"user_email\" type=\"email\" class=\"input-text   input-email ur-frontend-field  \" name=\"user_email\" id=\"user_email\" placeholder=\"\"  value=\"\" required=\"required\" data-label=\"E-Mail\" \/> <\/span> <\/div>\t\t\t\t\t\t\t\t\t<\/div>\n\t\t\t\t\t\t\t\t\t\t\t\t\t\t\t\t\t\t<div  data-field-id=\"last_name\" class=\"ur-field-item field-last_name \" data-ref-id=\"last_name\" data-field-pattern-enabled=\"0\" data-field-pattern-value=\" \" data-field-pattern-message=\" \">\n\t\t\t\t\t\t\t\t\t\t<div class=\"form-row validate-required\" id=\"last_name_field\" data-priority=\"\" ><label for=\"last_name\" class=\"ur-label\">Nachname <abbr class=\"required\" title=\"erforderlich\">*<\/abbr><\/label> <span class=\"input-wrapper\"> <input  data-rules=\"\" data-id=\"last_name\" type=\"text\" class=\"input-text   input-text ur-frontend-field  \" name=\"last_name\" id=\"last_name\" placeholder=\"\"  value=\"\" required=\"required\" data-label=\"Nachname\" \/> <\/span> <\/div>\t\t\t\t\t\t\t\t\t<\/div>\n\t\t\t\t\t\t\t\t\t\t\t\t\t\t\t\t<\/div>\n\t\t\t\t\t\t\t\t\t\t\t\t\t<\/div>\n\t\t\t\t\t\t<div class=\"ur-form-row\" data-row-id=\"1\">\t\t\t\t\t\t\t<div class=\"ur-form-grid ur-grid-1\"\n\t\t\t\t\t\t\t\tstyle=\"width:48%\">\n\t\t\t\t\t\t\t\t\t\t\t\t\t\t\t\t<div  data-field-id=\"user_pass\" class=\"ur-field-item field-user_pass \" data-ref-id=\"user_pass\" data-field-pattern-enabled=\"0\" data-field-pattern-value=\" \" data-field-pattern-message=\" \">\n\t\t\t\t\t\t\t\t\t\t<div class=\"form-row validate-required hide_show_password\" id=\"user_pass_field\" data-priority=\"\"><label for=\"user_pass\" class=\"ur-label\">Passwort <abbr class=\"required\" title=\"erforderlich\">*<\/abbr><\/label> <span class=\"input-wrapper\"> <span class=\"password-input-group input-form-field-icons\"><input data-rules=\"\" data-id=\"user_pass\" type=\"password\" class=\"input-text  input-password ur-frontend-field  \" name=\"user_pass\" id=\"user_pass\" placeholder=\"\"  value=\"\" required=\"required\" data-label=\"Passwort\" \/><\/span> <\/span> <\/div>\t\t\t\t\t\t\t\t\t<\/div>\n\t\t\t\t\t\t\t\t\t\t\t\t\t\t\t\t<\/div>\n\t\t\t\t\t\t\t\t\t\t\t\t\t\t<div class=\"ur-form-grid ur-grid-2\"\n\t\t\t\t\t\t\t\tstyle=\"width:48%\">\n\t\t\t\t\t\t\t\t\t\t\t\t\t\t\t\t<div  data-field-id=\"user_confirm_password\" class=\"ur-field-item field-user_confirm_password \" data-ref-id=\"user_confirm_password\" data-field-pattern-enabled=\"0\" data-field-pattern-value=\" \" data-field-pattern-message=\" \">\n\t\t\t\t\t\t\t\t\t\t<div class=\"form-row validate-required hide_show_password\" id=\"user_confirm_password_field\" data-priority=\"\"><label for=\"user_confirm_password\" class=\"ur-label\">Passwort best\u00e4tigen <abbr class=\"required\" title=\"erforderlich\">*<\/abbr><\/label> <span class=\"input-wrapper\"> <span class=\"password-input-group input-form-field-icons\"><input data-rules=\"\" data-id=\"user_confirm_password\" type=\"password\" class=\"input-text  input-password ur-frontend-field  \" name=\"user_confirm_password\" id=\"user_confirm_password\" placeholder=\"\"  value=\"\" required=\"required\" data-label=\"Passwort best\u00e4tigen\" \/><\/span> <\/span> <\/div>\t\t\t\t\t\t\t\t\t<\/div>\n\t\t\t\t\t\t\t\t\t\t\t\t\t\t\t\t<\/div>\n\t\t\t\t\t\t\t\t\t\t\t\t\t<\/div>\n\t\t\t\t\t\t\t\t\t\t\t\t\t\t\t\t\t\t<div class=\"ur-button-container \" >\n\t\t\t\t\t\t\t\t\t\t\t\t\t\t<button type=\"submit\" class=\"btn button ur-submit-button \"  conditional_rules=\"&quot;&quot;\">\n\t\t\t\t\t\t\t\t<span><\/span>\n\t\t\t\t\t\t\t\tKonto erstellen\t\t\t\t\t\t\t<\/button>\n\t\t\t\t\t\t\t\t\t\t\t\t\t\t\t\t\t\t\t\t<\/div>\n\t\t\t\t\t\t\n\t\t\t\t<div style=\"clear:both\"><\/div>\n\t\t\t\t\t\t\t\t<input type=\"hidden\" name=\"ur-registration-language\" value=\"de\"\/>\n\t\t\t\t<input type=\"hidden\" name=\"ur-user-form-id\" value=\"990341\"\/>\n\t\t\t\t<input type=\"hidden\" name=\"ur-redirect-url\" value=\"https:\/\/hausknechtedelbraende.at\/brand\/konto\/\"\/>\n\t\t\t\t<input type=\"hidden\" id=\"ur_frontend_form_nonce\" name=\"ur_frontend_form_nonce\" value=\"f01ca93f77\" \/>\n\t\t\t\t\n\t\t\t<\/form>\n\t\t\t\n\t\t<div style=\"clear:both\"><\/div>\n\t<\/div>\n\n<\/div>\n\t\t\t\t\t\t<\/div>\n\t\t\t\t<\/div>\n\t\t\t\t\t<\/div>\n\t\t\t\t<\/div>\n\t\t\t\t<\/div>\n\t\t","protected":false},"excerpt":{"rendered":"<p>K o n t o e r s t e l l e n<\/p>\n","protected":false},"author":1,"featured_media":0,"parent":0,"menu_order":0,"comment_status":"closed","ping_status":"closed","template":"","meta":{"_monsterinsights_skip_tracking":false,"_monsterinsights_sitenote_active":false,"_monsterinsights_sitenote_note":"","_monsterinsights_sitenote_category":0,"footnotes":""},"class_list":["post-990343","page","type-page","status-publish","hentry"],"yoast_head":"<!-- This site is optimized with the Yoast SEO plugin v26.6 - https:\/\/yoast.com\/wordpress\/plugins\/seo\/ -->\n<title>Konto erstellen - Hausknecht Edelbr\u00e4nde<\/title>\n<meta name=\"description\" content=\"Erstelle dein Hausknecht Edelbr\u00e4nde Konto und erhalte schnellen Zugriff auf Bestellungen sowie exklusive Angebote.\" \/>\n<meta name=\"robots\" content=\"index, follow, max-snippet:-1, max-image-preview:large, max-video-preview:-1\" \/>\n<link rel=\"canonical\" href=\"https:\/\/hausknechtedelbraende.at\/brand\/konto-erstellen\/\" \/>\n<meta property=\"og:locale\" content=\"de_DE\" \/>\n<meta property=\"og:type\" content=\"article\" \/>\n<meta property=\"og:title\" content=\"Konto erstellen - Hausknecht Edelbr\u00e4nde\" \/>\n<meta property=\"og:description\" content=\"Erstelle dein Hausknecht Edelbr\u00e4nde Konto und erhalte schnellen Zugriff auf Bestellungen sowie exklusive Angebote.\" \/>\n<meta property=\"og:url\" content=\"https:\/\/hausknechtedelbraende.at\/brand\/konto-erstellen\/\" \/>\n<meta property=\"og:site_name\" content=\"Hausknecht Edelbr\u00e4nde\" \/>\n<meta property=\"article:publisher\" content=\"https:\/\/www.facebook.com\/profile.php?id=61554664391451\" \/>\n<meta property=\"article:modified_time\" content=\"2024-10-31T10:55:44+00:00\" \/>\n<meta name=\"twitter:card\" content=\"summary_large_image\" \/>\n<meta name=\"twitter:label1\" content=\"Gesch\u00e4tzte Lesezeit\" \/>\n\t<meta name=\"twitter:data1\" content=\"1\u00a0Minute\" \/>\n<script type=\"application\/ld+json\" class=\"yoast-schema-graph\">{\"@context\":\"https:\/\/schema.org\",\"@graph\":[{\"@type\":\"WebPage\",\"@id\":\"https:\/\/hausknechtedelbraende.at\/brand\/konto-erstellen\/\",\"url\":\"https:\/\/hausknechtedelbraende.at\/brand\/konto-erstellen\/\",\"name\":\"Konto erstellen - Hausknecht Edelbr\u00e4nde\",\"isPartOf\":{\"@id\":\"https:\/\/hausknechtedelbraende.at\/brand\/#website\"},\"datePublished\":\"2024-10-18T10:08:15+00:00\",\"dateModified\":\"2024-10-31T10:55:44+00:00\",\"description\":\"Erstelle dein Hausknecht Edelbr\u00e4nde Konto und erhalte schnellen Zugriff auf Bestellungen sowie exklusive Angebote.\",\"breadcrumb\":{\"@id\":\"https:\/\/hausknechtedelbraende.at\/brand\/konto-erstellen\/#breadcrumb\"},\"inLanguage\":\"de\",\"potentialAction\":[{\"@type\":\"ReadAction\",\"target\":[\"https:\/\/hausknechtedelbraende.at\/brand\/konto-erstellen\/\"]}]},{\"@type\":\"BreadcrumbList\",\"@id\":\"https:\/\/hausknechtedelbraende.at\/brand\/konto-erstellen\/#breadcrumb\",\"itemListElement\":[{\"@type\":\"ListItem\",\"position\":1,\"name\":\"Startseite\",\"item\":\"https:\/\/hausknechtedelbraende.at\/brand\/\"},{\"@type\":\"ListItem\",\"position\":2,\"name\":\"Konto erstellen\"}]},{\"@type\":\"WebSite\",\"@id\":\"https:\/\/hausknechtedelbraende.at\/brand\/#website\",\"url\":\"https:\/\/hausknechtedelbraende.at\/brand\/\",\"name\":\"Hausknecht Eldebr\u00e4nde\",\"description\":\"Feinste Edelbr\u00e4nde und Destillate aus \u00d6sterreich\",\"publisher\":{\"@id\":\"https:\/\/hausknechtedelbraende.at\/brand\/#organization\"},\"potentialAction\":[{\"@type\":\"SearchAction\",\"target\":{\"@type\":\"EntryPoint\",\"urlTemplate\":\"https:\/\/hausknechtedelbraende.at\/brand\/?s={search_term_string}\"},\"query-input\":{\"@type\":\"PropertyValueSpecification\",\"valueRequired\":true,\"valueName\":\"search_term_string\"}}],\"inLanguage\":\"de\"},{\"@type\":\"Organization\",\"@id\":\"https:\/\/hausknechtedelbraende.at\/brand\/#organization\",\"name\":\"Hausknecht Eldebr\u00e4nde\",\"url\":\"https:\/\/hausknechtedelbraende.at\/brand\/\",\"logo\":{\"@type\":\"ImageObject\",\"inLanguage\":\"de\",\"@id\":\"https:\/\/hausknechtedelbraende.at\/brand\/#\/schema\/logo\/image\/\",\"url\":\"https:\/\/hausknechtedelbraende.at\/brand\/wp-content\/uploads\/2020\/03\/Hausknecht_Edelbraende_Logo_bronze_350.png\",\"contentUrl\":\"https:\/\/hausknechtedelbraende.at\/brand\/wp-content\/uploads\/2020\/03\/Hausknecht_Edelbraende_Logo_bronze_350.png\",\"width\":350,\"height\":100,\"caption\":\"Hausknecht Eldebr\u00e4nde\"},\"image\":{\"@id\":\"https:\/\/hausknechtedelbraende.at\/brand\/#\/schema\/logo\/image\/\"},\"sameAs\":[\"https:\/\/www.facebook.com\/profile.php?id=61554664391451\",\"https:\/\/www.instagram.com\/hausknechtedelbraende\"]}]}<\/script>\n<!-- \/ Yoast SEO plugin. -->","yoast_head_json":{"title":"Konto erstellen - Hausknecht Edelbr\u00e4nde","description":"Erstelle dein Hausknecht Edelbr\u00e4nde Konto und erhalte schnellen Zugriff auf Bestellungen sowie exklusive Angebote.","robots":{"index":"index","follow":"follow","max-snippet":"max-snippet:-1","max-image-preview":"max-image-preview:large","max-video-preview":"max-video-preview:-1"},"canonical":"https:\/\/hausknechtedelbraende.at\/brand\/konto-erstellen\/","og_locale":"de_DE","og_type":"article","og_title":"Konto erstellen - Hausknecht Edelbr\u00e4nde","og_description":"Erstelle dein Hausknecht Edelbr\u00e4nde Konto und erhalte schnellen Zugriff auf Bestellungen sowie exklusive Angebote.","og_url":"https:\/\/hausknechtedelbraende.at\/brand\/konto-erstellen\/","og_site_name":"Hausknecht Edelbr\u00e4nde","article_publisher":"https:\/\/www.facebook.com\/profile.php?id=61554664391451","article_modified_time":"2024-10-31T10:55:44+00:00","twitter_card":"summary_large_image","twitter_misc":{"Gesch\u00e4tzte Lesezeit":"1\u00a0Minute"},"schema":{"@context":"https:\/\/schema.org","@graph":[{"@type":"WebPage","@id":"https:\/\/hausknechtedelbraende.at\/brand\/konto-erstellen\/","url":"https:\/\/hausknechtedelbraende.at\/brand\/konto-erstellen\/","name":"Konto erstellen - Hausknecht Edelbr\u00e4nde","isPartOf":{"@id":"https:\/\/hausknechtedelbraende.at\/brand\/#website"},"datePublished":"2024-10-18T10:08:15+00:00","dateModified":"2024-10-31T10:55:44+00:00","description":"Erstelle dein Hausknecht Edelbr\u00e4nde Konto und erhalte schnellen Zugriff auf Bestellungen sowie exklusive Angebote.","breadcrumb":{"@id":"https:\/\/hausknechtedelbraende.at\/brand\/konto-erstellen\/#breadcrumb"},"inLanguage":"de","potentialAction":[{"@type":"ReadAction","target":["https:\/\/hausknechtedelbraende.at\/brand\/konto-erstellen\/"]}]},{"@type":"BreadcrumbList","@id":"https:\/\/hausknechtedelbraende.at\/brand\/konto-erstellen\/#breadcrumb","itemListElement":[{"@type":"ListItem","position":1,"name":"Startseite","item":"https:\/\/hausknechtedelbraende.at\/brand\/"},{"@type":"ListItem","position":2,"name":"Konto erstellen"}]},{"@type":"WebSite","@id":"https:\/\/hausknechtedelbraende.at\/brand\/#website","url":"https:\/\/hausknechtedelbraende.at\/brand\/","name":"Hausknecht Eldebr\u00e4nde","description":"Feinste Edelbr\u00e4nde und Destillate aus \u00d6sterreich","publisher":{"@id":"https:\/\/hausknechtedelbraende.at\/brand\/#organization"},"potentialAction":[{"@type":"SearchAction","target":{"@type":"EntryPoint","urlTemplate":"https:\/\/hausknechtedelbraende.at\/brand\/?s={search_term_string}"},"query-input":{"@type":"PropertyValueSpecification","valueRequired":true,"valueName":"search_term_string"}}],"inLanguage":"de"},{"@type":"Organization","@id":"https:\/\/hausknechtedelbraende.at\/brand\/#organization","name":"Hausknecht Eldebr\u00e4nde","url":"https:\/\/hausknechtedelbraende.at\/brand\/","logo":{"@type":"ImageObject","inLanguage":"de","@id":"https:\/\/hausknechtedelbraende.at\/brand\/#\/schema\/logo\/image\/","url":"https:\/\/hausknechtedelbraende.at\/brand\/wp-content\/uploads\/2020\/03\/Hausknecht_Edelbraende_Logo_bronze_350.png","contentUrl":"https:\/\/hausknechtedelbraende.at\/brand\/wp-content\/uploads\/2020\/03\/Hausknecht_Edelbraende_Logo_bronze_350.png","width":350,"height":100,"caption":"Hausknecht Eldebr\u00e4nde"},"image":{"@id":"https:\/\/hausknechtedelbraende.at\/brand\/#\/schema\/logo\/image\/"},"sameAs":["https:\/\/www.facebook.com\/profile.php?id=61554664391451","https:\/\/www.instagram.com\/hausknechtedelbraende"]}]}},"_links":{"self":[{"href":"https:\/\/hausknechtedelbraende.at\/brand\/wp-json\/wp\/v2\/pages\/990343","targetHints":{"allow":["GET"]}}],"collection":[{"href":"https:\/\/hausknechtedelbraende.at\/brand\/wp-json\/wp\/v2\/pages"}],"about":[{"href":"https:\/\/hausknechtedelbraende.at\/brand\/wp-json\/wp\/v2\/types\/page"}],"author":[{"embeddable":true,"href":"https:\/\/hausknechtedelbraende.at\/brand\/wp-json\/wp\/v2\/users\/1"}],"replies":[{"embeddable":true,"href":"https:\/\/hausknechtedelbraende.at\/brand\/wp-json\/wp\/v2\/comments?post=990343"}],"version-history":[{"count":10,"href":"https:\/\/hausknechtedelbraende.at\/brand\/wp-json\/wp\/v2\/pages\/990343\/revisions"}],"predecessor-version":[{"id":990371,"href":"https:\/\/hausknechtedelbraende.at\/brand\/wp-json\/wp\/v2\/pages\/990343\/revisions\/990371"}],"wp:attachment":[{"href":"https:\/\/hausknechtedelbraende.at\/brand\/wp-json\/wp\/v2\/media?parent=990343"}],"curies":[{"name":"wp","href":"https:\/\/api.w.org\/{rel}","templated":true}]}}