{"id":6576,"date":"2024-03-05T14:07:55","date_gmt":"2024-03-05T13:07:55","guid":{"rendered":"https:\/\/lagar.vamtam.com\/?post_type=product&#038;p=6576"},"modified":"2026-03-04T15:03:01","modified_gmt":"2026-03-04T14:03:01","slug":"erdbeer-likoer","status":"publish","type":"product","link":"https:\/\/hausknechtedelbraende.at\/brand\/product\/erdbeer-likoer\/","title":{"rendered":"Erdbeer"},"content":{"rendered":"\t\t<div data-elementor-type=\"product-post\" data-elementor-id=\"6576\" class=\"elementor elementor-6576\" data-elementor-post-type=\"product\">\n\t\t\t\t\t\t<section class=\"elementor-section elementor-top-section elementor-element elementor-element-0f4a1b3 elementor-section-boxed elementor-section-height-default elementor-section-height-default\" data-id=\"0f4a1b3\" data-element_type=\"section\">\n\t\t\t\t\t\t<div class=\"elementor-container elementor-column-gap-default\">\n\t\t\t\t\t<div class=\"elementor-column elementor-col-100 elementor-top-column elementor-element elementor-element-3c18185\" data-id=\"3c18185\" data-element_type=\"column\">\n\t\t\t<div class=\"elementor-widget-wrap elementor-element-populated\">\n\t\t\t\t\t\t<div class=\"elementor-element elementor-element-2fa2d52 elementor-widget elementor-widget-text-editor\" data-id=\"2fa2d52\" data-element_type=\"widget\" data-widget_type=\"text-editor.default\">\n\t\t\t\t<div class=\"elementor-widget-container\">\n\t\t\t\t\t\t\t\t\t<p>Preise inkl. gesetzlicher MwSt., zzgl.\u00a0Versandkosten<\/p>\t\t\t\t\t\t\t\t<\/div>\n\t\t\t\t<\/div>\n\t\t\t\t<section class=\"elementor-section elementor-inner-section elementor-element elementor-element-ae040aa elementor-section-boxed elementor-section-height-default elementor-section-height-default\" data-id=\"ae040aa\" data-element_type=\"section\">\n\t\t\t\t\t\t<div class=\"elementor-container elementor-column-gap-default\">\n\t\t\t\t\t<div class=\"elementor-column elementor-col-100 elementor-inner-column elementor-element elementor-element-5df2602\" data-id=\"5df2602\" data-element_type=\"column\">\n\t\t\t<div class=\"elementor-widget-wrap elementor-element-populated\">\n\t\t\t\t\t\t<div class=\"elementor-element elementor-element-ee7cb63 elementor-widget__width-initial elementor-widget-mobile__width-initial elementor-fixed elementor-hidden-tablet elementor-hidden-mobile elementor-widget elementor-widget-image\" data-id=\"ee7cb63\" data-element_type=\"widget\" data-settings=\"{&quot;_position&quot;:&quot;fixed&quot;}\" data-widget_type=\"image.default\">\n\t\t\t\t<div class=\"elementor-widget-container\">\n\t\t\t\t\t\t\t\t\t<div class=\"elementor-image\">\n\t\t\t\t\t\t\t\t\t\t\t\t\t\t\t\t\t\t\t\t\t<img loading=\"lazy\" decoding=\"async\" loading=\"lazy\" width=\"350\" height=\"500\" src=\"https:\/\/hausknechtedelbraende.at\/brand\/wp-content\/uploads\/2024\/03\/Hausknecht_Erdbeerlikoer.png\" class=\"attachment-large size-large wp-image-989824\" alt=\"\" srcset=\"https:\/\/hausknechtedelbraende.at\/brand\/wp-content\/uploads\/2024\/03\/Hausknecht_Erdbeerlikoer.png 350w, https:\/\/hausknechtedelbraende.at\/brand\/wp-content\/uploads\/2024\/03\/Hausknecht_Erdbeerlikoer-210x300.png 210w, https:\/\/hausknechtedelbraende.at\/brand\/wp-content\/uploads\/2024\/03\/Hausknecht_Erdbeerlikoer-315x450.png 315w\" sizes=\"auto, (max-width: 350px) 100vw, 350px\" \/>\t\t\t\t\t\t\t\t\t\t\t\t\t\t\t\t\t\t\t\t\t\t\t\t<\/div>\n\t\t\t\t\t\t\t\t<\/div>\n\t\t\t\t<\/div>\n\t\t\t\t<div class=\"elementor-element elementor-element-ad326fd elementor-widget elementor-widget-heading\" data-id=\"ad326fd\" data-element_type=\"widget\" data-widget_type=\"heading.default\">\n\t\t\t\t<div class=\"elementor-widget-container\">\n\t\t\t\t\t<h5 class=\"elementor-heading-title elementor-size-default\">Kleingedrucktes<\/h5>\t\t\t\t<\/div>\n\t\t\t\t<\/div>\n\t\t\t\t<div class=\"elementor-element elementor-element-22ee2fc elementor-widget elementor-widget-text-editor\" data-id=\"22ee2fc\" data-element_type=\"widget\" data-widget_type=\"text-editor.default\">\n\t\t\t\t<div class=\"elementor-widget-container\">\n\t\t\t\t\t\t\t\t\t<p><strong>Jahrgang:<\/strong> 2025<br><strong>Volumsprozent:<\/strong> 24,8% <br><strong>Genussmenge:<\/strong> 0,35 Liter<\/p>\t\t\t\t\t\t\t\t<\/div>\n\t\t\t\t<\/div>\n\t\t\t\t\t<\/div>\n\t\t<\/div>\n\t\t\t\t\t<\/div>\n\t\t<\/section>\n\t\t\t\t\t<\/div>\n\t\t<\/div>\n\t\t\t\t\t<\/div>\n\t\t<\/section>\n\t\t\t\t<\/div>\n\t\t","protected":false},"excerpt":{"rendered":"<p>Unser Erdbeerlik\u00f6r, aus handverlesenen, vollreifen Erdbeeren hergestellt, verf\u00fchrt mit seiner intensiven Fruchtnote und einer angenehmen S\u00fc\u00dfe \u2013 ein sommerlicher Genuss, der jeden Moment besonders macht.<\/p>\n","protected":false},"featured_media":988634,"comment_status":"closed","ping_status":"closed","template":"","meta":{"_monsterinsights_skip_tracking":false,"_monsterinsights_sitenote_active":false,"_monsterinsights_sitenote_note":"","_monsterinsights_sitenote_category":0},"product_brand":[],"product_cat":[33],"product_tag":[],"class_list":{"0":"post-6576","1":"product","2":"type-product","3":"status-publish","4":"has-post-thumbnail","6":"product_cat-likoere","8":"first","9":"instock","10":"shipping-taxable","11":"purchasable","12":"product-type-simple"},"yoast_head":"<!-- This site is optimized with the Yoast SEO plugin v26.6 - https:\/\/yoast.com\/wordpress\/plugins\/seo\/ -->\n<title>Erdbeer - Hausknecht Edelbr\u00e4nde<\/title>\n<meta name=\"description\" content=\"Unser Erdbeerlik\u00f6r, aus handverlesenen, vollreifen Erdbeeren hergestellt, verf\u00fchrt mit seiner intensiven Fruchtnote und einer angenehmen S\u00fc\u00dfe\" \/>\n<meta name=\"robots\" content=\"index, follow, max-snippet:-1, max-image-preview:large, max-video-preview:-1\" \/>\n<link rel=\"canonical\" href=\"https:\/\/hausknechtedelbraende.at\/brand\/product\/erdbeer-likoer\/\" \/>\n<meta property=\"og:locale\" content=\"de_DE\" \/>\n<meta property=\"og:type\" content=\"article\" \/>\n<meta property=\"og:title\" content=\"Erdbeer - Hausknecht Edelbr\u00e4nde\" \/>\n<meta property=\"og:description\" content=\"Unser Erdbeerlik\u00f6r, aus handverlesenen, vollreifen Erdbeeren hergestellt, verf\u00fchrt mit seiner intensiven Fruchtnote und einer angenehmen S\u00fc\u00dfe\" \/>\n<meta property=\"og:url\" content=\"https:\/\/hausknechtedelbraende.at\/brand\/product\/erdbeer-likoer\/\" \/>\n<meta property=\"og:site_name\" content=\"Hausknecht Edelbr\u00e4nde\" \/>\n<meta property=\"article:publisher\" content=\"https:\/\/www.facebook.com\/profile.php?id=61554664391451\" \/>\n<meta property=\"article:modified_time\" content=\"2026-03-04T14:03:01+00:00\" \/>\n<meta property=\"og:image\" content=\"https:\/\/hausknechtedelbraende.at\/brand\/wp-content\/uploads\/2024\/03\/Hausknecht_Edelbraende_LIKOeRE_Erdbeere-1.png\" \/>\n\t<meta property=\"og:image:width\" content=\"540\" \/>\n\t<meta property=\"og:image:height\" content=\"1080\" \/>\n\t<meta property=\"og:image:type\" content=\"image\/png\" \/>\n<meta name=\"twitter:card\" content=\"summary_large_image\" \/>\n<script type=\"application\/ld+json\" class=\"yoast-schema-graph\">{\"@context\":\"https:\/\/schema.org\",\"@graph\":[{\"@type\":\"WebPage\",\"@id\":\"https:\/\/hausknechtedelbraende.at\/brand\/product\/erdbeer-likoer\/\",\"url\":\"https:\/\/hausknechtedelbraende.at\/brand\/product\/erdbeer-likoer\/\",\"name\":\"Erdbeer - Hausknecht Edelbr\u00e4nde\",\"isPartOf\":{\"@id\":\"https:\/\/hausknechtedelbraende.at\/brand\/#website\"},\"primaryImageOfPage\":{\"@id\":\"https:\/\/hausknechtedelbraende.at\/brand\/product\/erdbeer-likoer\/#primaryimage\"},\"image\":{\"@id\":\"https:\/\/hausknechtedelbraende.at\/brand\/product\/erdbeer-likoer\/#primaryimage\"},\"thumbnailUrl\":\"https:\/\/hausknechtedelbraende.at\/brand\/wp-content\/uploads\/2024\/03\/Hausknecht_Edelbraende_LIKOeRE_Erdbeere-1.png\",\"datePublished\":\"2024-03-05T13:07:55+00:00\",\"dateModified\":\"2026-03-04T14:03:01+00:00\",\"description\":\"Unser Erdbeerlik\u00f6r, aus handverlesenen, vollreifen Erdbeeren hergestellt, verf\u00fchrt mit seiner intensiven Fruchtnote und einer angenehmen S\u00fc\u00dfe\",\"breadcrumb\":{\"@id\":\"https:\/\/hausknechtedelbraende.at\/brand\/product\/erdbeer-likoer\/#breadcrumb\"},\"inLanguage\":\"de\",\"potentialAction\":[{\"@type\":\"ReadAction\",\"target\":[\"https:\/\/hausknechtedelbraende.at\/brand\/product\/erdbeer-likoer\/\"]}]},{\"@type\":\"ImageObject\",\"inLanguage\":\"de\",\"@id\":\"https:\/\/hausknechtedelbraende.at\/brand\/product\/erdbeer-likoer\/#primaryimage\",\"url\":\"https:\/\/hausknechtedelbraende.at\/brand\/wp-content\/uploads\/2024\/03\/Hausknecht_Edelbraende_LIKOeRE_Erdbeere-1.png\",\"contentUrl\":\"https:\/\/hausknechtedelbraende.at\/brand\/wp-content\/uploads\/2024\/03\/Hausknecht_Edelbraende_LIKOeRE_Erdbeere-1.png\",\"width\":540,\"height\":1080},{\"@type\":\"BreadcrumbList\",\"@id\":\"https:\/\/hausknechtedelbraende.at\/brand\/product\/erdbeer-likoer\/#breadcrumb\",\"itemListElement\":[{\"@type\":\"ListItem\",\"position\":1,\"name\":\"Startseite\",\"item\":\"https:\/\/hausknechtedelbraende.at\/brand\/\"},{\"@type\":\"ListItem\",\"position\":2,\"name\":\"Produkt\u00fcbersicht\",\"item\":\"https:\/\/hausknechtedelbraende.at\/brand\/produktuebersicht\/\"},{\"@type\":\"ListItem\",\"position\":3,\"name\":\"Erdbeer\"}]},{\"@type\":\"WebSite\",\"@id\":\"https:\/\/hausknechtedelbraende.at\/brand\/#website\",\"url\":\"https:\/\/hausknechtedelbraende.at\/brand\/\",\"name\":\"Hausknecht Eldebr\u00e4nde\",\"description\":\"Feinste Edelbr\u00e4nde und Destillate aus \u00d6sterreich\",\"publisher\":{\"@id\":\"https:\/\/hausknechtedelbraende.at\/brand\/#organization\"},\"potentialAction\":[{\"@type\":\"SearchAction\",\"target\":{\"@type\":\"EntryPoint\",\"urlTemplate\":\"https:\/\/hausknechtedelbraende.at\/brand\/?s={search_term_string}\"},\"query-input\":{\"@type\":\"PropertyValueSpecification\",\"valueRequired\":true,\"valueName\":\"search_term_string\"}}],\"inLanguage\":\"de\"},{\"@type\":\"Organization\",\"@id\":\"https:\/\/hausknechtedelbraende.at\/brand\/#organization\",\"name\":\"Hausknecht Eldebr\u00e4nde\",\"url\":\"https:\/\/hausknechtedelbraende.at\/brand\/\",\"logo\":{\"@type\":\"ImageObject\",\"inLanguage\":\"de\",\"@id\":\"https:\/\/hausknechtedelbraende.at\/brand\/#\/schema\/logo\/image\/\",\"url\":\"https:\/\/hausknechtedelbraende.at\/brand\/wp-content\/uploads\/2020\/03\/Hausknecht_Edelbraende_Logo_bronze_350.png\",\"contentUrl\":\"https:\/\/hausknechtedelbraende.at\/brand\/wp-content\/uploads\/2020\/03\/Hausknecht_Edelbraende_Logo_bronze_350.png\",\"width\":350,\"height\":100,\"caption\":\"Hausknecht Eldebr\u00e4nde\"},\"image\":{\"@id\":\"https:\/\/hausknechtedelbraende.at\/brand\/#\/schema\/logo\/image\/\"},\"sameAs\":[\"https:\/\/www.facebook.com\/profile.php?id=61554664391451\",\"https:\/\/www.instagram.com\/hausknechtedelbraende\"]}]}<\/script>\n<!-- \/ Yoast SEO plugin. -->","yoast_head_json":{"title":"Erdbeer - Hausknecht Edelbr\u00e4nde","description":"Unser Erdbeerlik\u00f6r, aus handverlesenen, vollreifen Erdbeeren hergestellt, verf\u00fchrt mit seiner intensiven Fruchtnote und einer angenehmen S\u00fc\u00dfe","robots":{"index":"index","follow":"follow","max-snippet":"max-snippet:-1","max-image-preview":"max-image-preview:large","max-video-preview":"max-video-preview:-1"},"canonical":"https:\/\/hausknechtedelbraende.at\/brand\/product\/erdbeer-likoer\/","og_locale":"de_DE","og_type":"article","og_title":"Erdbeer - Hausknecht Edelbr\u00e4nde","og_description":"Unser Erdbeerlik\u00f6r, aus handverlesenen, vollreifen Erdbeeren hergestellt, verf\u00fchrt mit seiner intensiven Fruchtnote und einer angenehmen S\u00fc\u00dfe","og_url":"https:\/\/hausknechtedelbraende.at\/brand\/product\/erdbeer-likoer\/","og_site_name":"Hausknecht Edelbr\u00e4nde","article_publisher":"https:\/\/www.facebook.com\/profile.php?id=61554664391451","article_modified_time":"2026-03-04T14:03:01+00:00","og_image":[{"width":540,"height":1080,"url":"https:\/\/hausknechtedelbraende.at\/brand\/wp-content\/uploads\/2024\/03\/Hausknecht_Edelbraende_LIKOeRE_Erdbeere-1.png","type":"image\/png"}],"twitter_card":"summary_large_image","schema":{"@context":"https:\/\/schema.org","@graph":[{"@type":"WebPage","@id":"https:\/\/hausknechtedelbraende.at\/brand\/product\/erdbeer-likoer\/","url":"https:\/\/hausknechtedelbraende.at\/brand\/product\/erdbeer-likoer\/","name":"Erdbeer - Hausknecht Edelbr\u00e4nde","isPartOf":{"@id":"https:\/\/hausknechtedelbraende.at\/brand\/#website"},"primaryImageOfPage":{"@id":"https:\/\/hausknechtedelbraende.at\/brand\/product\/erdbeer-likoer\/#primaryimage"},"image":{"@id":"https:\/\/hausknechtedelbraende.at\/brand\/product\/erdbeer-likoer\/#primaryimage"},"thumbnailUrl":"https:\/\/hausknechtedelbraende.at\/brand\/wp-content\/uploads\/2024\/03\/Hausknecht_Edelbraende_LIKOeRE_Erdbeere-1.png","datePublished":"2024-03-05T13:07:55+00:00","dateModified":"2026-03-04T14:03:01+00:00","description":"Unser Erdbeerlik\u00f6r, aus handverlesenen, vollreifen Erdbeeren hergestellt, verf\u00fchrt mit seiner intensiven Fruchtnote und einer angenehmen S\u00fc\u00dfe","breadcrumb":{"@id":"https:\/\/hausknechtedelbraende.at\/brand\/product\/erdbeer-likoer\/#breadcrumb"},"inLanguage":"de","potentialAction":[{"@type":"ReadAction","target":["https:\/\/hausknechtedelbraende.at\/brand\/product\/erdbeer-likoer\/"]}]},{"@type":"ImageObject","inLanguage":"de","@id":"https:\/\/hausknechtedelbraende.at\/brand\/product\/erdbeer-likoer\/#primaryimage","url":"https:\/\/hausknechtedelbraende.at\/brand\/wp-content\/uploads\/2024\/03\/Hausknecht_Edelbraende_LIKOeRE_Erdbeere-1.png","contentUrl":"https:\/\/hausknechtedelbraende.at\/brand\/wp-content\/uploads\/2024\/03\/Hausknecht_Edelbraende_LIKOeRE_Erdbeere-1.png","width":540,"height":1080},{"@type":"BreadcrumbList","@id":"https:\/\/hausknechtedelbraende.at\/brand\/product\/erdbeer-likoer\/#breadcrumb","itemListElement":[{"@type":"ListItem","position":1,"name":"Startseite","item":"https:\/\/hausknechtedelbraende.at\/brand\/"},{"@type":"ListItem","position":2,"name":"Produkt\u00fcbersicht","item":"https:\/\/hausknechtedelbraende.at\/brand\/produktuebersicht\/"},{"@type":"ListItem","position":3,"name":"Erdbeer"}]},{"@type":"WebSite","@id":"https:\/\/hausknechtedelbraende.at\/brand\/#website","url":"https:\/\/hausknechtedelbraende.at\/brand\/","name":"Hausknecht Eldebr\u00e4nde","description":"Feinste Edelbr\u00e4nde und Destillate aus \u00d6sterreich","publisher":{"@id":"https:\/\/hausknechtedelbraende.at\/brand\/#organization"},"potentialAction":[{"@type":"SearchAction","target":{"@type":"EntryPoint","urlTemplate":"https:\/\/hausknechtedelbraende.at\/brand\/?s={search_term_string}"},"query-input":{"@type":"PropertyValueSpecification","valueRequired":true,"valueName":"search_term_string"}}],"inLanguage":"de"},{"@type":"Organization","@id":"https:\/\/hausknechtedelbraende.at\/brand\/#organization","name":"Hausknecht Eldebr\u00e4nde","url":"https:\/\/hausknechtedelbraende.at\/brand\/","logo":{"@type":"ImageObject","inLanguage":"de","@id":"https:\/\/hausknechtedelbraende.at\/brand\/#\/schema\/logo\/image\/","url":"https:\/\/hausknechtedelbraende.at\/brand\/wp-content\/uploads\/2020\/03\/Hausknecht_Edelbraende_Logo_bronze_350.png","contentUrl":"https:\/\/hausknechtedelbraende.at\/brand\/wp-content\/uploads\/2020\/03\/Hausknecht_Edelbraende_Logo_bronze_350.png","width":350,"height":100,"caption":"Hausknecht Eldebr\u00e4nde"},"image":{"@id":"https:\/\/hausknechtedelbraende.at\/brand\/#\/schema\/logo\/image\/"},"sameAs":["https:\/\/www.facebook.com\/profile.php?id=61554664391451","https:\/\/www.instagram.com\/hausknechtedelbraende"]}]}},"_links":{"self":[{"href":"https:\/\/hausknechtedelbraende.at\/brand\/wp-json\/wp\/v2\/product\/6576","targetHints":{"allow":["GET"]}}],"collection":[{"href":"https:\/\/hausknechtedelbraende.at\/brand\/wp-json\/wp\/v2\/product"}],"about":[{"href":"https:\/\/hausknechtedelbraende.at\/brand\/wp-json\/wp\/v2\/types\/product"}],"replies":[{"embeddable":true,"href":"https:\/\/hausknechtedelbraende.at\/brand\/wp-json\/wp\/v2\/comments?post=6576"}],"version-history":[{"count":26,"href":"https:\/\/hausknechtedelbraende.at\/brand\/wp-json\/wp\/v2\/product\/6576\/revisions"}],"predecessor-version":[{"id":990922,"href":"https:\/\/hausknechtedelbraende.at\/brand\/wp-json\/wp\/v2\/product\/6576\/revisions\/990922"}],"wp:featuredmedia":[{"embeddable":true,"href":"https:\/\/hausknechtedelbraende.at\/brand\/wp-json\/wp\/v2\/media\/988634"}],"wp:attachment":[{"href":"https:\/\/hausknechtedelbraende.at\/brand\/wp-json\/wp\/v2\/media?parent=6576"}],"wp:term":[{"taxonomy":"product_brand","embeddable":true,"href":"https:\/\/hausknechtedelbraende.at\/brand\/wp-json\/wp\/v2\/product_brand?post=6576"},{"taxonomy":"product_cat","embeddable":true,"href":"https:\/\/hausknechtedelbraende.at\/brand\/wp-json\/wp\/v2\/product_cat?post=6576"},{"taxonomy":"product_tag","embeddable":true,"href":"https:\/\/hausknechtedelbraende.at\/brand\/wp-json\/wp\/v2\/product_tag?post=6576"}],"curies":[{"name":"wp","href":"https:\/\/api.w.org\/{rel}","templated":true}]}}