{"id":990787,"date":"2025-04-16T21:43:04","date_gmt":"2025-04-16T19:43:04","guid":{"rendered":"https:\/\/hausknechtedelbraende.at\/brand\/?post_type=product&#038;p=990787"},"modified":"2025-05-14T17:48:52","modified_gmt":"2025-05-14T15:48:52","slug":"williamsbirne","status":"publish","type":"product","link":"https:\/\/hausknechtedelbraende.at\/brand\/product\/williamsbirne\/","title":{"rendered":"Williamsbirne"},"content":{"rendered":"\t\t<div data-elementor-type=\"product-post\" data-elementor-id=\"990787\" class=\"elementor elementor-990787\" data-elementor-post-type=\"product\">\n\t\t\t\t\t\t<section class=\"elementor-section elementor-top-section elementor-element elementor-element-291ac02 elementor-section-boxed elementor-section-height-default elementor-section-height-default\" data-id=\"291ac02\" data-element_type=\"section\">\n\t\t\t\t\t\t<div class=\"elementor-container elementor-column-gap-default\">\n\t\t\t\t\t<div class=\"elementor-column elementor-col-100 elementor-top-column elementor-element elementor-element-b960f3f\" data-id=\"b960f3f\" data-element_type=\"column\">\n\t\t\t<div class=\"elementor-widget-wrap elementor-element-populated\">\n\t\t\t\t\t\t<div class=\"elementor-element elementor-element-d2167cc elementor-widget elementor-widget-text-editor\" data-id=\"d2167cc\" data-element_type=\"widget\" data-widget_type=\"text-editor.default\">\n\t\t\t\t<div class=\"elementor-widget-container\">\n\t\t\t\t\t\t\t\t\t<p>Preise inkl. gesetzlicher MwSt., zzgl.\u00a0Versandkosten<\/p>\t\t\t\t\t\t\t\t<\/div>\n\t\t\t\t<\/div>\n\t\t\t\t<div class=\"elementor-element elementor-element-1b05cb1 elementor-widget elementor-widget-heading\" data-id=\"1b05cb1\" data-element_type=\"widget\" data-widget_type=\"heading.default\">\n\t\t\t\t<div class=\"elementor-widget-container\">\n\t\t\t\t\t<h5 class=\"elementor-heading-title elementor-size-default\">Kleingedrucktes<\/h5>\t\t\t\t<\/div>\n\t\t\t\t<\/div>\n\t\t\t\t<div class=\"elementor-element elementor-element-85c9300 elementor-widget elementor-widget-text-editor\" data-id=\"85c9300\" data-element_type=\"widget\" data-widget_type=\"text-editor.default\">\n\t\t\t\t<div class=\"elementor-widget-container\">\n\t\t\t\t\t\t\t\t\t<p><strong>Jahrgang:<\/strong> 2024<br \/><strong>Volumsprozent:<\/strong> 40,9% <br \/><strong>Genussmenge:<\/strong> 0,5 Liter<\/p>\t\t\t\t\t\t\t\t<\/div>\n\t\t\t\t<\/div>\n\t\t\t\t<section class=\"elementor-section elementor-inner-section elementor-element elementor-element-331d5f0 elementor-section-boxed elementor-section-height-default elementor-section-height-default\" data-id=\"331d5f0\" data-element_type=\"section\">\n\t\t\t\t\t\t<div class=\"elementor-container elementor-column-gap-default\">\n\t\t\t\t\t<div class=\"elementor-column elementor-col-100 elementor-inner-column elementor-element elementor-element-bf06f9c\" data-id=\"bf06f9c\" data-element_type=\"column\">\n\t\t\t<div class=\"elementor-widget-wrap elementor-element-populated\">\n\t\t\t\t\t\t<div class=\"elementor-element elementor-element-ae97964 elementor-widget__width-initial elementor-widget-mobile__width-initial elementor-fixed elementor-hidden-tablet elementor-hidden-phone elementor-widget elementor-widget-image\" data-id=\"ae97964\" data-element_type=\"widget\" data-settings=\"{&quot;_position&quot;:&quot;fixed&quot;}\" data-widget_type=\"image.default\">\n\t\t\t\t<div class=\"elementor-widget-container\">\n\t\t\t\t\t\t\t\t\t<div class=\"elementor-image\">\n\t\t\t\t\t\t\t\t\t\t\t\t\t\t\t\t\t\t\t\t\t<img loading=\"lazy\" decoding=\"async\" loading=\"lazy\" width=\"350\" height=\"500\" src=\"https:\/\/hausknechtedelbraende.at\/brand\/wp-content\/uploads\/2025\/04\/Birnenbrand_aus_dem_Weinviertel.png\" class=\"attachment-large size-large wp-image-990824\" alt=\"\" srcset=\"https:\/\/hausknechtedelbraende.at\/brand\/wp-content\/uploads\/2025\/04\/Birnenbrand_aus_dem_Weinviertel.png 350w, https:\/\/hausknechtedelbraende.at\/brand\/wp-content\/uploads\/2025\/04\/Birnenbrand_aus_dem_Weinviertel-210x300.png 210w, https:\/\/hausknechtedelbraende.at\/brand\/wp-content\/uploads\/2025\/04\/Birnenbrand_aus_dem_Weinviertel-315x450.png 315w\" sizes=\"auto, (max-width: 350px) 100vw, 350px\" \/>\t\t\t\t\t\t\t\t\t\t\t\t\t\t\t\t\t\t\t\t\t\t\t\t<\/div>\n\t\t\t\t\t\t\t\t<\/div>\n\t\t\t\t<\/div>\n\t\t\t\t\t<\/div>\n\t\t<\/div>\n\t\t\t\t\t<\/div>\n\t\t<\/section>\n\t\t\t\t\t<\/div>\n\t\t<\/div>\n\t\t\t\t\t<\/div>\n\t\t<\/section>\n\t\t\t\t<\/div>\n\t\t","protected":false},"excerpt":{"rendered":"<p>Unser Williamsbirnenbrand \u00fcberzeugt mit seiner eleganten Fruchts\u00fc\u00dfe und dem intensiven, sortentypischen Aroma \u2013 vollreif, klar und mit einem Hauch von Sommer im Glas. Ein Klassiker, der nie aus der Mode kommt.<\/p>\n","protected":false},"featured_media":990798,"comment_status":"closed","ping_status":"closed","template":"","meta":{"_monsterinsights_skip_tracking":false,"_monsterinsights_sitenote_active":false,"_monsterinsights_sitenote_note":"","_monsterinsights_sitenote_category":0},"product_brand":[],"product_cat":[31],"product_tag":[],"class_list":{"0":"post-990787","1":"product","2":"type-product","3":"status-publish","4":"has-post-thumbnail","6":"product_cat-edelbraende","8":"first","9":"instock","10":"shipping-taxable","11":"purchasable","12":"product-type-simple"},"yoast_head":"<!-- This site is optimized with the Yoast SEO plugin v26.6 - https:\/\/yoast.com\/wordpress\/plugins\/seo\/ -->\n<title>Williamsbirne - Hausknecht Edelbr\u00e4nde<\/title>\n<meta name=\"description\" content=\"Unser Williamsbirnenbrand \u00fcberzeugt mit seiner eleganten Fruchts\u00fc\u00dfe und dem intensiven, sortentypischen Aroma \u2013 Ein Klassiker, der nie aus der Mode kommt.\" \/>\n<meta name=\"robots\" content=\"index, follow, max-snippet:-1, max-image-preview:large, max-video-preview:-1\" \/>\n<link rel=\"canonical\" href=\"https:\/\/hausknechtedelbraende.at\/brand\/product\/williamsbirne\/\" \/>\n<meta property=\"og:locale\" content=\"de_DE\" \/>\n<meta property=\"og:type\" content=\"article\" \/>\n<meta property=\"og:title\" content=\"Williamsbirne - Hausknecht Edelbr\u00e4nde\" \/>\n<meta property=\"og:description\" content=\"Unser Williamsbirnenbrand \u00fcberzeugt mit seiner eleganten Fruchts\u00fc\u00dfe und dem intensiven, sortentypischen Aroma \u2013 Ein Klassiker, der nie aus der Mode kommt.\" \/>\n<meta property=\"og:url\" content=\"https:\/\/hausknechtedelbraende.at\/brand\/product\/williamsbirne\/\" \/>\n<meta property=\"og:site_name\" content=\"Hausknecht Edelbr\u00e4nde\" \/>\n<meta property=\"article:publisher\" content=\"https:\/\/www.facebook.com\/profile.php?id=61554664391451\" \/>\n<meta property=\"article:modified_time\" content=\"2025-05-14T15:48:52+00:00\" \/>\n<meta property=\"og:image\" content=\"https:\/\/hausknechtedelbraende.at\/brand\/wp-content\/uploads\/2025\/05\/Williamsbirne_Brand_Retz.png\" \/>\n\t<meta property=\"og:image:width\" content=\"580\" \/>\n\t<meta property=\"og:image:height\" content=\"1080\" \/>\n\t<meta property=\"og:image:type\" content=\"image\/png\" \/>\n<meta name=\"twitter:card\" content=\"summary_large_image\" \/>\n<script type=\"application\/ld+json\" class=\"yoast-schema-graph\">{\"@context\":\"https:\/\/schema.org\",\"@graph\":[{\"@type\":\"WebPage\",\"@id\":\"https:\/\/hausknechtedelbraende.at\/brand\/product\/williamsbirne\/\",\"url\":\"https:\/\/hausknechtedelbraende.at\/brand\/product\/williamsbirne\/\",\"name\":\"Williamsbirne - Hausknecht Edelbr\u00e4nde\",\"isPartOf\":{\"@id\":\"https:\/\/hausknechtedelbraende.at\/brand\/#website\"},\"primaryImageOfPage\":{\"@id\":\"https:\/\/hausknechtedelbraende.at\/brand\/product\/williamsbirne\/#primaryimage\"},\"image\":{\"@id\":\"https:\/\/hausknechtedelbraende.at\/brand\/product\/williamsbirne\/#primaryimage\"},\"thumbnailUrl\":\"https:\/\/hausknechtedelbraende.at\/brand\/wp-content\/uploads\/2025\/05\/Williamsbirne_Brand_Retz.png\",\"datePublished\":\"2025-04-16T19:43:04+00:00\",\"dateModified\":\"2025-05-14T15:48:52+00:00\",\"description\":\"Unser Williamsbirnenbrand \u00fcberzeugt mit seiner eleganten Fruchts\u00fc\u00dfe und dem intensiven, sortentypischen Aroma \u2013 Ein Klassiker, der nie aus der Mode kommt.\",\"breadcrumb\":{\"@id\":\"https:\/\/hausknechtedelbraende.at\/brand\/product\/williamsbirne\/#breadcrumb\"},\"inLanguage\":\"de\",\"potentialAction\":[{\"@type\":\"ReadAction\",\"target\":[\"https:\/\/hausknechtedelbraende.at\/brand\/product\/williamsbirne\/\"]}]},{\"@type\":\"ImageObject\",\"inLanguage\":\"de\",\"@id\":\"https:\/\/hausknechtedelbraende.at\/brand\/product\/williamsbirne\/#primaryimage\",\"url\":\"https:\/\/hausknechtedelbraende.at\/brand\/wp-content\/uploads\/2025\/05\/Williamsbirne_Brand_Retz.png\",\"contentUrl\":\"https:\/\/hausknechtedelbraende.at\/brand\/wp-content\/uploads\/2025\/05\/Williamsbirne_Brand_Retz.png\",\"width\":580,\"height\":1080},{\"@type\":\"BreadcrumbList\",\"@id\":\"https:\/\/hausknechtedelbraende.at\/brand\/product\/williamsbirne\/#breadcrumb\",\"itemListElement\":[{\"@type\":\"ListItem\",\"position\":1,\"name\":\"Startseite\",\"item\":\"https:\/\/hausknechtedelbraende.at\/brand\/\"},{\"@type\":\"ListItem\",\"position\":2,\"name\":\"Produkt\u00fcbersicht\",\"item\":\"https:\/\/hausknechtedelbraende.at\/brand\/produktuebersicht\/\"},{\"@type\":\"ListItem\",\"position\":3,\"name\":\"Williamsbirne\"}]},{\"@type\":\"WebSite\",\"@id\":\"https:\/\/hausknechtedelbraende.at\/brand\/#website\",\"url\":\"https:\/\/hausknechtedelbraende.at\/brand\/\",\"name\":\"Hausknecht Eldebr\u00e4nde\",\"description\":\"Feinste Edelbr\u00e4nde und Destillate aus \u00d6sterreich\",\"publisher\":{\"@id\":\"https:\/\/hausknechtedelbraende.at\/brand\/#organization\"},\"potentialAction\":[{\"@type\":\"SearchAction\",\"target\":{\"@type\":\"EntryPoint\",\"urlTemplate\":\"https:\/\/hausknechtedelbraende.at\/brand\/?s={search_term_string}\"},\"query-input\":{\"@type\":\"PropertyValueSpecification\",\"valueRequired\":true,\"valueName\":\"search_term_string\"}}],\"inLanguage\":\"de\"},{\"@type\":\"Organization\",\"@id\":\"https:\/\/hausknechtedelbraende.at\/brand\/#organization\",\"name\":\"Hausknecht Eldebr\u00e4nde\",\"url\":\"https:\/\/hausknechtedelbraende.at\/brand\/\",\"logo\":{\"@type\":\"ImageObject\",\"inLanguage\":\"de\",\"@id\":\"https:\/\/hausknechtedelbraende.at\/brand\/#\/schema\/logo\/image\/\",\"url\":\"https:\/\/hausknechtedelbraende.at\/brand\/wp-content\/uploads\/2020\/03\/Hausknecht_Edelbraende_Logo_bronze_350.png\",\"contentUrl\":\"https:\/\/hausknechtedelbraende.at\/brand\/wp-content\/uploads\/2020\/03\/Hausknecht_Edelbraende_Logo_bronze_350.png\",\"width\":350,\"height\":100,\"caption\":\"Hausknecht Eldebr\u00e4nde\"},\"image\":{\"@id\":\"https:\/\/hausknechtedelbraende.at\/brand\/#\/schema\/logo\/image\/\"},\"sameAs\":[\"https:\/\/www.facebook.com\/profile.php?id=61554664391451\",\"https:\/\/www.instagram.com\/hausknechtedelbraende\"]}]}<\/script>\n<!-- \/ Yoast SEO plugin. -->","yoast_head_json":{"title":"Williamsbirne - Hausknecht Edelbr\u00e4nde","description":"Unser Williamsbirnenbrand \u00fcberzeugt mit seiner eleganten Fruchts\u00fc\u00dfe und dem intensiven, sortentypischen Aroma \u2013 Ein Klassiker, der nie aus der Mode kommt.","robots":{"index":"index","follow":"follow","max-snippet":"max-snippet:-1","max-image-preview":"max-image-preview:large","max-video-preview":"max-video-preview:-1"},"canonical":"https:\/\/hausknechtedelbraende.at\/brand\/product\/williamsbirne\/","og_locale":"de_DE","og_type":"article","og_title":"Williamsbirne - Hausknecht Edelbr\u00e4nde","og_description":"Unser Williamsbirnenbrand \u00fcberzeugt mit seiner eleganten Fruchts\u00fc\u00dfe und dem intensiven, sortentypischen Aroma \u2013 Ein Klassiker, der nie aus der Mode kommt.","og_url":"https:\/\/hausknechtedelbraende.at\/brand\/product\/williamsbirne\/","og_site_name":"Hausknecht Edelbr\u00e4nde","article_publisher":"https:\/\/www.facebook.com\/profile.php?id=61554664391451","article_modified_time":"2025-05-14T15:48:52+00:00","og_image":[{"width":580,"height":1080,"url":"https:\/\/hausknechtedelbraende.at\/brand\/wp-content\/uploads\/2025\/05\/Williamsbirne_Brand_Retz.png","type":"image\/png"}],"twitter_card":"summary_large_image","schema":{"@context":"https:\/\/schema.org","@graph":[{"@type":"WebPage","@id":"https:\/\/hausknechtedelbraende.at\/brand\/product\/williamsbirne\/","url":"https:\/\/hausknechtedelbraende.at\/brand\/product\/williamsbirne\/","name":"Williamsbirne - Hausknecht Edelbr\u00e4nde","isPartOf":{"@id":"https:\/\/hausknechtedelbraende.at\/brand\/#website"},"primaryImageOfPage":{"@id":"https:\/\/hausknechtedelbraende.at\/brand\/product\/williamsbirne\/#primaryimage"},"image":{"@id":"https:\/\/hausknechtedelbraende.at\/brand\/product\/williamsbirne\/#primaryimage"},"thumbnailUrl":"https:\/\/hausknechtedelbraende.at\/brand\/wp-content\/uploads\/2025\/05\/Williamsbirne_Brand_Retz.png","datePublished":"2025-04-16T19:43:04+00:00","dateModified":"2025-05-14T15:48:52+00:00","description":"Unser Williamsbirnenbrand \u00fcberzeugt mit seiner eleganten Fruchts\u00fc\u00dfe und dem intensiven, sortentypischen Aroma \u2013 Ein Klassiker, der nie aus der Mode kommt.","breadcrumb":{"@id":"https:\/\/hausknechtedelbraende.at\/brand\/product\/williamsbirne\/#breadcrumb"},"inLanguage":"de","potentialAction":[{"@type":"ReadAction","target":["https:\/\/hausknechtedelbraende.at\/brand\/product\/williamsbirne\/"]}]},{"@type":"ImageObject","inLanguage":"de","@id":"https:\/\/hausknechtedelbraende.at\/brand\/product\/williamsbirne\/#primaryimage","url":"https:\/\/hausknechtedelbraende.at\/brand\/wp-content\/uploads\/2025\/05\/Williamsbirne_Brand_Retz.png","contentUrl":"https:\/\/hausknechtedelbraende.at\/brand\/wp-content\/uploads\/2025\/05\/Williamsbirne_Brand_Retz.png","width":580,"height":1080},{"@type":"BreadcrumbList","@id":"https:\/\/hausknechtedelbraende.at\/brand\/product\/williamsbirne\/#breadcrumb","itemListElement":[{"@type":"ListItem","position":1,"name":"Startseite","item":"https:\/\/hausknechtedelbraende.at\/brand\/"},{"@type":"ListItem","position":2,"name":"Produkt\u00fcbersicht","item":"https:\/\/hausknechtedelbraende.at\/brand\/produktuebersicht\/"},{"@type":"ListItem","position":3,"name":"Williamsbirne"}]},{"@type":"WebSite","@id":"https:\/\/hausknechtedelbraende.at\/brand\/#website","url":"https:\/\/hausknechtedelbraende.at\/brand\/","name":"Hausknecht Eldebr\u00e4nde","description":"Feinste Edelbr\u00e4nde und Destillate aus \u00d6sterreich","publisher":{"@id":"https:\/\/hausknechtedelbraende.at\/brand\/#organization"},"potentialAction":[{"@type":"SearchAction","target":{"@type":"EntryPoint","urlTemplate":"https:\/\/hausknechtedelbraende.at\/brand\/?s={search_term_string}"},"query-input":{"@type":"PropertyValueSpecification","valueRequired":true,"valueName":"search_term_string"}}],"inLanguage":"de"},{"@type":"Organization","@id":"https:\/\/hausknechtedelbraende.at\/brand\/#organization","name":"Hausknecht Eldebr\u00e4nde","url":"https:\/\/hausknechtedelbraende.at\/brand\/","logo":{"@type":"ImageObject","inLanguage":"de","@id":"https:\/\/hausknechtedelbraende.at\/brand\/#\/schema\/logo\/image\/","url":"https:\/\/hausknechtedelbraende.at\/brand\/wp-content\/uploads\/2020\/03\/Hausknecht_Edelbraende_Logo_bronze_350.png","contentUrl":"https:\/\/hausknechtedelbraende.at\/brand\/wp-content\/uploads\/2020\/03\/Hausknecht_Edelbraende_Logo_bronze_350.png","width":350,"height":100,"caption":"Hausknecht Eldebr\u00e4nde"},"image":{"@id":"https:\/\/hausknechtedelbraende.at\/brand\/#\/schema\/logo\/image\/"},"sameAs":["https:\/\/www.facebook.com\/profile.php?id=61554664391451","https:\/\/www.instagram.com\/hausknechtedelbraende"]}]}},"_links":{"self":[{"href":"https:\/\/hausknechtedelbraende.at\/brand\/wp-json\/wp\/v2\/product\/990787","targetHints":{"allow":["GET"]}}],"collection":[{"href":"https:\/\/hausknechtedelbraende.at\/brand\/wp-json\/wp\/v2\/product"}],"about":[{"href":"https:\/\/hausknechtedelbraende.at\/brand\/wp-json\/wp\/v2\/types\/product"}],"replies":[{"embeddable":true,"href":"https:\/\/hausknechtedelbraende.at\/brand\/wp-json\/wp\/v2\/comments?post=990787"}],"version-history":[{"count":7,"href":"https:\/\/hausknechtedelbraende.at\/brand\/wp-json\/wp\/v2\/product\/990787\/revisions"}],"predecessor-version":[{"id":990847,"href":"https:\/\/hausknechtedelbraende.at\/brand\/wp-json\/wp\/v2\/product\/990787\/revisions\/990847"}],"wp:featuredmedia":[{"embeddable":true,"href":"https:\/\/hausknechtedelbraende.at\/brand\/wp-json\/wp\/v2\/media\/990798"}],"wp:attachment":[{"href":"https:\/\/hausknechtedelbraende.at\/brand\/wp-json\/wp\/v2\/media?parent=990787"}],"wp:term":[{"taxonomy":"product_brand","embeddable":true,"href":"https:\/\/hausknechtedelbraende.at\/brand\/wp-json\/wp\/v2\/product_brand?post=990787"},{"taxonomy":"product_cat","embeddable":true,"href":"https:\/\/hausknechtedelbraende.at\/brand\/wp-json\/wp\/v2\/product_cat?post=990787"},{"taxonomy":"product_tag","embeddable":true,"href":"https:\/\/hausknechtedelbraende.at\/brand\/wp-json\/wp\/v2\/product_tag?post=990787"}],"curies":[{"name":"wp","href":"https:\/\/api.w.org\/{rel}","templated":true}]}}